{"id":28506,"date":"2024-09-23T23:12:58","date_gmt":"2024-09-24T03:12:58","guid":{"rendered":"https:\/\/alliedblackcarservice.com\/?page_id=28506"},"modified":"2024-10-23T01:23:12","modified_gmt":"2024-10-23T05:23:12","slug":"drivers-registration-allied","status":"publish","type":"page","link":"https:\/\/alliedblackcarservice.com\/es\/drivers-registration-allied\/","title":{"rendered":"Driver Registration Allied"},"content":{"rendered":"<div class=\"wpb-content-wrapper\"><section id=\"drivers\" data-vc-full-width=\"true\" data-vc-full-width-init=\"false\" class=\"vc_section vc_custom_1729660974606 vc_section-has-fill vc_section-o-content-middle vc_section-flex\"><div id=\"tm-row-69e1a52d2ad32\" class=\"vc_row vc_row-outer vc_row-fluid vc_row-o-content-middle vc_row-flex\"><div id=\"tm-column-69e1a52d2ba5f\" class=\"boxi-hero-driver wpb_column vc_column_container vc_col-sm-6\"><div class=\"vc_column-inner\"><div class=\"wpb_wrapper\"><h3 style=\"color: #ffffff;text-align: left\" class=\"vc_custom_heading vc_do_custom_heading tit-patient\" >\u00a1SE PARTE DE NUESTRA COMUNIDAD!<\/h3><p style=\"color: #ffffff;text-align: justify\" class=\"vc_custom_heading vc_do_custom_heading parr-mision\" >Con m\u00e1s de 6,000 viajes al mes, disfrute de horarios flexibles y oportunidades de ingresos confiables en toda la ciudad de Nueva York y m\u00e1s all\u00e1, incluidos El Bronx, Manhattan, Brooklyn, Queens, Staten Island, Long Island y m\u00e1s.<\/p><p style=\"color: #ffffff;text-align: justify\" class=\"vc_custom_heading vc_do_custom_heading parr-mision\" >Sea parte de una comunidad confiable enfocada en servicios de transporte seguros, profesionales y esenciales. \u00bfEst\u00e1 listo para conducir con nosotros?<\/p><p style=\"color: #ffffff;text-align: justify\" class=\"vc_custom_heading vc_do_custom_heading parr-mision\" ><b>REGISTRATE HOY<\/b><\/p><\/div><\/div><\/div><div id=\"tm-column-69e1a52d2c44b\" class=\"wpb_column vc_column_container vc_col-sm-6\"><div class=\"vc_column-inner\"><div class=\"wpb_wrapper\"><\/div><\/div><\/div><\/div><\/section><div class=\"vc_row-full-width vc_clearfix\"><\/div><div id=\"tm-row-69e1a52d2c640\" class=\"vc_row vc_row-outer vc_row-fluid artic-drivers vc_row-o-content-middle vc_row-flex\"><div id=\"tm-column-69e1a52d2c824\" class=\"wpb_column vc_column_container vc_col-sm-4\"><div class=\"vc_column-inner\"><div class=\"wpb_wrapper\"><h3 style=\"color: #0a0a0a;text-align: left\" class=\"vc_custom_heading vc_do_custom_heading tit-patient\" >\u00bfPOR QU\u00c9 ELEGIRNOS?<\/h3><\/div><\/div><\/div><div id=\"tm-column-69e1a52d2ca2c\" class=\"wpb_column vc_column_container vc_col-sm-8\"><div class=\"vc_column-inner\"><div class=\"wpb_wrapper\"><div id=\"tm-row-inner-69e1a52d2ce18\" class=\"vc_row vc_inner vc_row-fluid\"><div id=\"tm-column-inner-69e1a52d2d16d\" class=\"wpb_column vc_column_container vc_col-sm-2\"><div class=\"vc_column-inner\"><div class=\"wpb_wrapper\">\n\t<div class=\"wpb_single_image wpb_content_element vc_align_left   foto-why\">\n\t\t\n\t\t<figure class=\"wpb_wrapper vc_figure\">\n\t\t\t<div class=\"vc_single_image-wrapper   vc_box_border_grey\"><img loading=\"lazy\" decoding=\"async\" width=\"85\" height=\"84\" src=\"https:\/\/alliedblackcarservice.com\/wp-content\/uploads\/2024\/08\/icon-partner.svg\" class=\"vc_single_image-img attachment-full\" alt=\"\" title=\"icon-partner\" \/><\/div>\n\t\t<\/figure>\n\t<\/div>\n<\/div><\/div><\/div><div id=\"tm-column-inner-69e1a52d2fcce\" class=\"wpb_column vc_column_container vc_col-sm-10\"><div class=\"vc_column-inner\"><div class=\"wpb_wrapper\"><h6 style=\"color: #0a0a0a;text-align: left\" class=\"vc_custom_heading vc_do_custom_heading tit-whyd\" >Asociese con los mejores:<\/h6><p style=\"color: #0a0a0a;text-align: justify\" class=\"vc_custom_heading vc_do_custom_heading parr-mision\" >\u00danase a un equipo que valora sus habilidades y dedicaci\u00f3n. Ofrecemos una remuneraci\u00f3n competitiva y un equipo de despacho que lo apoyar\u00e1 para garantizar que siempre reciba la atenci\u00f3n que necesita.<\/p><\/div><\/div><\/div><\/div><div class=\"vc_separator wpb_content_element vc_separator_align_center vc_sep_width_100 vc_sep_pos_align_center vc_separator_no_text wpb_content_element  lin-dri\" ><span class=\"vc_sep_holder vc_sep_holder_l\"><span style=\"border-color:#d4b168;\" class=\"vc_sep_line\"><\/span><\/span><span class=\"vc_sep_holder vc_sep_holder_r\"><span style=\"border-color:#d4b168;\" class=\"vc_sep_line\"><\/span><\/span>\n<\/div><div id=\"tm-row-inner-69e1a52d30769\" class=\"vc_row vc_inner vc_row-fluid\"><div id=\"tm-column-inner-69e1a52d30892\" class=\"wpb_column vc_column_container vc_col-sm-2\"><div class=\"vc_column-inner\"><div class=\"wpb_wrapper\">\n\t<div class=\"wpb_single_image wpb_content_element vc_align_left   foto-why\">\n\t\t\n\t\t<figure class=\"wpb_wrapper vc_figure\">\n\t\t\t<div class=\"vc_single_image-wrapper   vc_box_border_grey\"><img loading=\"lazy\" decoding=\"async\" width=\"85\" height=\"84\" src=\"https:\/\/alliedblackcarservice.com\/wp-content\/uploads\/2024\/08\/icon-flexible.svg\" class=\"vc_single_image-img attachment-full\" alt=\"\" title=\"icon-flexible\" \/><\/div>\n\t\t<\/figure>\n\t<\/div>\n<\/div><\/div><\/div><div id=\"tm-column-inner-69e1a52d31d0b\" class=\"wpb_column vc_column_container vc_col-sm-10\"><div class=\"vc_column-inner\"><div class=\"wpb_wrapper\"><h6 style=\"color: #0a0a0a;text-align: left\" class=\"vc_custom_heading vc_do_custom_heading tit-whyd\" >Horario flexible:<\/h6><p style=\"color: #0a0a0a;text-align: justify\" class=\"vc_custom_heading vc_do_custom_heading parr-mision\" >Entendemos la necesidad de equilibrio entre el trabajo y la vida personal y ofrecemos opciones de rutas flexibles que se adaptan a su estilo de vida; tenemos viajes disponibles en todo momento del d\u00eda.<\/p><\/div><\/div><\/div><\/div><\/div><\/div><\/div><\/div><div id=\"tm-row-69e1a52d3226d\" class=\"vc_row vc_row-outer vc_row-fluid sec-driver-info\"><div id=\"tm-column-69e1a52d324ef\" class=\"sec-join wpb_column vc_column_container vc_col-sm-5 vc_col-lg-5 vc_col-md-5\"><div class=\"vc_column-inner\"><div class=\"wpb_wrapper\">\n\t<div class=\"wpb_single_image wpb_content_element vc_align_center  wpb_animate_when_almost_visible wpb_fadeInRight fadeInRight  tesla2 cir-drive\">\n\t\t\n\t\t<figure class=\"wpb_wrapper vc_figure\">\n\t\t\t<div class=\"vc_single_image-wrapper   vc_box_border_grey\"><img loading=\"lazy\" decoding=\"async\" width=\"900\" height=\"900\" src=\"https:\/\/alliedblackcarservice.com\/wp-content\/uploads\/2024\/09\/alliedblackcarservices-hero-5.png\" class=\"vc_single_image-img attachment-full\" alt=\"\" title=\"alliedblackcarservices-hero-5\" srcset=\"https:\/\/alliedblackcarservice.com\/wp-content\/uploads\/2024\/09\/alliedblackcarservices-hero-5.png 900w, https:\/\/alliedblackcarservice.com\/wp-content\/uploads\/2024\/09\/alliedblackcarservices-hero-5-300x300.png 300w, https:\/\/alliedblackcarservice.com\/wp-content\/uploads\/2024\/09\/alliedblackcarservices-hero-5-800x800.png 800w, https:\/\/alliedblackcarservice.com\/wp-content\/uploads\/2024\/09\/alliedblackcarservices-hero-5-150x150.png 150w, https:\/\/alliedblackcarservice.com\/wp-content\/uploads\/2024\/09\/alliedblackcarservices-hero-5-768x768.png 768w, https:\/\/alliedblackcarservice.com\/wp-content\/uploads\/2024\/09\/alliedblackcarservices-hero-5-12x12.png 12w\" sizes=\"auto, (max-width: 900px) 100vw, 900px\" \/><\/div>\n\t\t<\/figure>\n\t<\/div>\n<h5 style=\"color: #a67d2d;text-align: left\" class=\"vc_custom_heading vc_do_custom_heading subtit-allied\" >\u00danete a nuestro equipo<\/h5><h3 style=\"color: #000000;text-align: left\" class=\"vc_custom_heading vc_do_custom_heading tit-patient\" >Informaci\u00f3n para conductores<\/h3><div class=\"vc_separator wpb_content_element vc_separator_align_center vc_sep_width_100 vc_sep_pos_align_center vc_separator_no_text wpb_content_element  lin-dri\" ><span class=\"vc_sep_holder vc_sep_holder_l\"><span style=\"border-color:#d4b168;\" class=\"vc_sep_line\"><\/span><\/span><span class=\"vc_sep_holder vc_sep_holder_r\"><span style=\"border-color:#d4b168;\" class=\"vc_sep_line\"><\/span><\/span>\n<\/div><h5 style=\"color: #a67d2d;text-align: left\" class=\"vc_custom_heading vc_do_custom_heading tit-requis\" >Requisitos<\/h5><ul class=\"tm-list  list-requerimientos tm-list--auto-numbered\" id=\"tm-list-69e1a52d33c88\">\n\t\t\t<li class=\"tm-list__item\">\n\n\t\t\t<div class=\"tm-list__header\">\n\t\t\t\t<div class=\"tm-list__marker\">\n\n\t\t\t\t\t1.\n\t\t\t\t<\/div>\n\n\t\t\t\t<div class=\"tm-list__heading\">\n\t\t\t\t\t\t\t\t\t\t\t<h6 class=\"tm-list__title secondary-color-important\">\n\t\t\t\t\t\t\t\t\t\t\t\t\t\t\tTener 18 a\u00f1os o m\u00e1s.\t\t\t\t\t\t\t\t\t\t\t\t\t\t<\/h6>\n\t\t\t\t\t\t\t\t\t<\/div>\n\t\t\t<\/div>\n\t\t\t\t\t<\/li>\n\t\t\t<li class=\"tm-list__item\">\n\n\t\t\t<div class=\"tm-list__header\">\n\t\t\t\t<div class=\"tm-list__marker\">\n\n\t\t\t\t\t2.\n\t\t\t\t<\/div>\n\n\t\t\t\t<div class=\"tm-list__heading\">\n\t\t\t\t\t\t\t\t\t\t\t<h6 class=\"tm-list__title secondary-color-important\">\n\t\t\t\t\t\t\t\t\t\t\t\t\t\t\tLicencia de conducir del DMV (Clase E).\t\t\t\t\t\t\t\t\t\t\t\t\t\t<\/h6>\n\t\t\t\t\t\t\t\t\t<\/div>\n\t\t\t<\/div>\n\t\t\t\t\t<\/li>\n\t\t\t<li class=\"tm-list__item\">\n\n\t\t\t<div class=\"tm-list__header\">\n\t\t\t\t<div class=\"tm-list__marker\">\n\n\t\t\t\t\t3.\n\t\t\t\t<\/div>\n\n\t\t\t\t<div class=\"tm-list__heading\">\n\t\t\t\t\t\t\t\t\t\t\t<h6 class=\"tm-list__title secondary-color-important\">\n\t\t\t\t\t\t\t\t\t\t\t\t\t\t\tLicencia de conducir de la TLC.\t\t\t\t\t\t\t\t\t\t\t\t\t\t<\/h6>\n\t\t\t\t\t\t\t\t\t<\/div>\n\t\t\t<\/div>\n\t\t\t\t\t<\/li>\n\t\t\t<li class=\"tm-list__item\">\n\n\t\t\t<div class=\"tm-list__header\">\n\t\t\t\t<div class=\"tm-list__marker\">\n\n\t\t\t\t\t4.\n\t\t\t\t<\/div>\n\n\t\t\t\t<div class=\"tm-list__heading\">\n\t\t\t\t\t\t\t\t\t\t\t<h6 class=\"tm-list__title secondary-color-important\">\n\t\t\t\t\t\t\t\t\t\t\t\t\t\t\tVeh\u00edculo con licencia de la TLC (propio o alquilado).\t\t\t\t\t\t\t\t\t\t\t\t\t\t<\/h6>\n\t\t\t\t\t\t\t\t\t<\/div>\n\t\t\t<\/div>\n\t\t\t\t\t<\/li>\n\t<\/ul>\n<\/div><\/div><\/div><div id=\"tm-column-69e1a52d33ede\" class=\"sec-formjoin wpb_column vc_column_container vc_col-sm-7 vc_col-lg-7 vc_col-md-7\"><div class=\"vc_column-inner\"><div class=\"wpb_wrapper\">\n\t<div class=\"wpb_raw_code wpb_raw_html wpb_content_element\" >\n\t\t<div class=\"wpb_wrapper\">\n\t\t\t<div class=\"frm_forms  with_frm_style frm_style_formidable-style\" id=\"frm_form_3_container\" data-token=\"734153b244f0d85ef34ce90f94d6e549\">\n<form enctype=\"multipart\/form-data\" method=\"post\" class=\"frm-show-form  frm_js_validate  frm_ajax_submit  frm_pro_form\" id=\"form_from-driver-register2\" data-token=\"734153b244f0d85ef34ce90f94d6e549\" action=\"\">\n<div class=\"frm_form_fields  frm_page_num_1\">\n<fieldset>\n<legend class=\"frm_screen_reader\">From Driver Register<\/legend>\r\n\r\n<div class=\"frm_fields_container\">\n<div class=\"frm_rootline_group\" role=\"group\" tabindex=\"0\" aria-label=\"Page 1 of 3\" ><ul class=\"frm_page_bar frm_rootline_3 frm_rootline frm_rootline_line  frm_show_lines frm_show_titles\"><li class=\"frm_rootline_single frm_current_page\"><input type=\"button\" value=\"1\" data-page=\"\" class=\"frm_page_1\" aria-disabled=\"true\" data-field=\"0\" aria-label=\"Informaci\u00f3n del aplicante\"  \/><span class=\"frm_rootline_title\">Informaci\u00f3n del aplicante<\/span><\/li><li class=\"frm_rootline_single\"><input type=\"button\" value=\"2\" data-page=\"10\" class=\"frm_page_skip frm_page_2\" data-field=\"35\" aria-label=\"Requisitos del conductor\"  \/><span class=\"frm_rootline_title\">Requisitos del conductor<\/span><\/li><li class=\"frm_rootline_single\"><input type=\"button\" value=\"3\" data-page=\"18\" class=\"frm_page_skip frm_page_3\" data-field=\"192\" aria-label=\"Documentos del veh\u00edculo\"  \/><span class=\"frm_rootline_title\">Documentos del veh\u00edculo<\/span><\/li><\/ul><div class=\"frm_clearfix\"><\/div><\/div><input type=\"hidden\" name=\"frm_action\" value=\"create\" \/>\n<input type=\"hidden\" name=\"form_id\" value=\"3\" \/>\n<input type=\"hidden\" name=\"frm_hide_fields_3\" id=\"frm_hide_fields_3\" value=\"\" \/>\n<input type=\"hidden\" name=\"form_key\" value=\"from-driver-register2\" \/>\n<input type=\"hidden\" name=\"item_meta[0]\" value=\"\" \/>\n<input type=\"hidden\" id=\"frm_submit_entry_3\" name=\"frm_submit_entry_3\" value=\"d07327f952\" \/><input type=\"hidden\" name=\"_wp_http_referer\" value=\"\/es\/wp-json\/wp\/v2\/pages\/28506\" \/><div id=\"frm_field_20_container\" class=\"frm_form_field form-field  frm_required_field frm_top_container campos-form frm12 frm_first\">\r\n\t<label for=\"field_jx22s\" id=\"field_jx22s_label\" class=\"frm_primary_label\">Nombre\r\n\t\t<span class=\"frm_required\" aria-hidden=\"true\">*<\/span>\r\n\t<\/label>\r\n\t<input  type=\"text\" id=\"field_jx22s\" name=\"item_meta[20]\" value=\"\"  data-reqmsg=\"First Name cannot be blank.\" aria-required=\"true\" data-invmsg=\"First Name is invalid\" aria-invalid=\"false\"   \/>\r\n\t\r\n\t\r\n<\/div>\n<div id=\"frm_field_188_container\" class=\"frm_form_field form-field  frm_required_field frm_top_container campos-form frm12 frm_first\">\r\n\t<label for=\"field_hsslf\" id=\"field_hsslf_label\" class=\"frm_primary_label\">Apellido\r\n\t\t<span class=\"frm_required\" aria-hidden=\"true\">*<\/span>\r\n\t<\/label>\r\n\t<input  type=\"text\" id=\"field_hsslf\" name=\"item_meta[188]\" value=\"\"  data-reqmsg=\"Last Name cannot be blank.\" aria-required=\"true\" data-invmsg=\"Last Name is invalid\" aria-invalid=\"false\"   \/>\r\n\t\r\n\t\r\n<\/div>\n<div id=\"frm_field_23_container\" class=\"frm_form_field form-field  frm_required_field frm_top_container campos-form frm12 frm_first\">\r\n\t<label for=\"field_ekz8d\" id=\"field_ekz8d_label\" class=\"frm_primary_label\">N\u00famero de tel\u00e9fono\r\n\t\t<span class=\"frm_required\" aria-hidden=\"true\">*<\/span>\r\n\t<\/label>\r\n\t<input type=\"tel\" id=\"field_ekz8d\" name=\"item_meta[23]\" value=\"\"  data-reqmsg=\"Phone Number cannot be blank.\" aria-required=\"true\" data-invmsg=\"Phone Number is invalid\" aria-invalid=\"false\" pattern=\"((\\+\\d{1,3}(-|.| )?\\(?\\d\\)?(-| |.)?\\d{1,5})|(\\(?\\d{2,6}\\)?))(-|.| )?(\\d{3,4})(-|.| )?(\\d{4})(( x| ext)\\d{1,5}){0,1}$\"  \/>\r\n\t\r\n\t\r\n<\/div>\n<div id=\"frm_field_22_container\" class=\"frm_form_field form-field  frm_required_field frm_top_container campos-form frm12 frm_first\">\r\n\t<label for=\"field_5hei9\" id=\"field_5hei9_label\" class=\"frm_primary_label\">Correo electr\u00f3nico\r\n\t\t<span class=\"frm_required\" aria-hidden=\"true\">*<\/span>\r\n\t<\/label>\r\n\t<input type=\"email\" id=\"field_5hei9\" name=\"item_meta[22]\" value=\"\"  data-reqmsg=\"Email cannot be blank.\" aria-required=\"true\" data-invmsg=\"Email is invalid\" aria-invalid=\"false\"  \/>\r\n\t\r\n\t\r\n<\/div>\n<input type=\"hidden\" name=\"frm_page_order_3\" id=\"frm_page_order_3\" value=\"10\" \/><input type=\"hidden\" name=\"item_meta[190]\" id=\"field_wgyo9\" value=\"\"     \/>\n<input type=\"hidden\" name=\"item_meta[189]\" id=\"field_a6577\" value=\"\"     \/>\n<input type=\"hidden\" name=\"item_meta[193]\" id=\"field_doior\" value=\"\"     \/>\n<input type=\"hidden\" name=\"item_meta[69]\" id=\"field_jkqe2\" value=\"\"     \/>\n<input type=\"hidden\" name=\"item_meta[192]\" id=\"field_ws2k4\" value=\"\"     \/>\n<input type=\"hidden\" name=\"item_meta[74]\" id=\"field_x9a7s\" value=\"\"     \/>\n<input type=\"hidden\" name=\"item_meta[56]\" id=\"field_2c3lz\" value=\"\"     \/>\n<input type=\"hidden\" name=\"item_meta[71]\" id=\"field_vic0v\" value=\"\"     \/>\n<input type=\"hidden\" name=\"item_meta[191]\" id=\"field_uq9xu\" value=\"\"     \/>\n<input type=\"hidden\" name=\"item_meta[54]\" id=\"field_2ldyx\" value=\"\"     \/>\n<input type=\"hidden\" name=\"item_meta[125]\" id=\"field_9dyhs\" value=\"\"     \/>\n<input type=\"hidden\" name=\"item_meta[19]\" id=\"field_submit\" value=\"\"     \/>\n\t<input type=\"hidden\" name=\"item_key\" value=\"\" \/>\n\t\t\t<div id=\"frm_field_211_container\">\n\t\t\t<label for=\"field_670hb\" >\n\t\t\t\tIf you are human, leave this field blank.\t\t\t<\/label>\n\t\t\t<input  id=\"field_670hb\" type=\"text\" class=\"frm_form_field form-field frm_verify\" name=\"item_meta[211]\" value=\"\"  \/>\n\t\t<\/div>\n\t\t<input name=\"frm_state\" type=\"hidden\" value=\"RKbb6mTl\/iiZjTMdMAk1yFoi+7bu6p\/dqI5o\/cOwlBMD8MdhnAw20vsJ43W1daL5\" \/><div class=\"frm_submit frm_flex\">\r\n<button class=\"frm_button_submit\" type=\"submit\"   formnovalidate=\"formnovalidate\">Siguiente<\/button>\r\n\r\n\r\n\r\n<\/div><\/div>\n<\/fieldset>\n<\/div>\n\n<p style=\"display: none !important;\" class=\"akismet-fields-container\" data-prefix=\"ak_\"><label>&#916;<textarea name=\"ak_hp_textarea\" cols=\"45\" rows=\"8\" maxlength=\"100\"><\/textarea><\/label><input type=\"hidden\" id=\"ak_js_1\" name=\"ak_js\" value=\"208\"\/><script>document.getElementById( \"ak_js_1\" ).setAttribute( \"value\", ( new Date() ).getTime() );<\/script><\/p><input type=\"hidden\" name=\"trp-form-language\" value=\"es\"\/><\/form>\n<\/div>\n\n\t\t<\/div>\n\t<\/div>\n<\/div><\/div><\/div><\/div>\n<\/div>","protected":false},"excerpt":{"rendered":"BE PART OF OUR COMMUNITY!With over 6,000 trips a month, enjoy flexible scheduling and reliable income opportunities across NYC and beyond, including The Bronx, Manhattan, Brooklyn, Queens, Staten Island, Long Island, and more.Be part of a trusted community focused on safe, professional, and essential transportation services. Ready to drive with us?REGISTER TODAYWHY CHOOSE US? Partner with the Best:Join a team that values your skills and dedication. We o\ufb00er competitive compensation and a supportive dispatch team to ensure you are always taken care of. Flexible Scheduling:We understand the need for work-life balance and o\ufb00er flexible route options to suit your lifestyle, we have trips available at all times of the day. Join Our TeamDrivers Information Requirements 1. Be 18+ Years Old. 2. DMV Driver&#039;s License (Class E). 3. TLC Driver&#039;s License. 4. TLC Licensed Vehicle (Owned or Rented). From Driver Register Applicant InformationDriver RequirementsVehicle Documents First Name * Last Name * Phone Number * Email * If you are human, leave this field blank. Next &#916;","protected":false},"author":1,"featured_media":27273,"parent":0,"menu_order":0,"comment_status":"closed","ping_status":"closed","template":"","meta":{"footnotes":""},"class_list":["post-28506","page","type-page","status-publish","has-post-thumbnail","hentry"],"yoast_head":"<!-- This site is optimized with the Yoast SEO plugin v26.1.1 - https:\/\/yoast.com\/wordpress\/plugins\/seo\/ -->\n<title>Driver Registration Allied - Allied Black Car Service<\/title>\n<meta name=\"robots\" content=\"index, follow, max-snippet:-1, max-image-preview:large, max-video-preview:-1\" \/>\n<link rel=\"canonical\" href=\"https:\/\/alliedblackcarservice.com\/es\/drivers-registration-allied\/\" \/>\n<meta property=\"og:locale\" content=\"es_ES\" \/>\n<meta property=\"og:type\" content=\"article\" \/>\n<meta property=\"og:title\" content=\"Driver Registration Allied - Allied Black Car Service\" \/>\n<meta property=\"og:url\" content=\"https:\/\/alliedblackcarservice.com\/es\/drivers-registration-allied\/\" \/>\n<meta property=\"og:site_name\" content=\"Allied Black Car Service\" \/>\n<meta property=\"article:modified_time\" content=\"2024-10-23T05:23:12+00:00\" \/>\n<meta name=\"twitter:card\" content=\"summary_large_image\" \/>\n<meta name=\"twitter:label1\" content=\"Est. reading time\" \/>\n\t<meta name=\"twitter:data1\" content=\"10 minutos\" \/>\n<script type=\"application\/ld+json\" class=\"yoast-schema-graph\">{\"@context\":\"https:\/\/schema.org\",\"@graph\":[{\"@type\":\"WebPage\",\"@id\":\"https:\/\/alliedblackcarservice.com\/drivers-registration-allied\/\",\"url\":\"https:\/\/alliedblackcarservice.com\/drivers-registration-allied\/\",\"name\":\"Driver Registration Allied - Allied Black Car Service\",\"isPartOf\":{\"@id\":\"https:\/\/alliedblackcarservice.com\/#website\"},\"primaryImageOfPage\":{\"@id\":\"https:\/\/alliedblackcarservice.com\/drivers-registration-allied\/#primaryimage\"},\"image\":{\"@id\":\"https:\/\/alliedblackcarservice.com\/drivers-registration-allied\/#primaryimage\"},\"thumbnailUrl\":\"https:\/\/alliedblackcarservice.com\/wp-content\/uploads\/2024\/08\/Allied-Word-Logo-2.svg\",\"datePublished\":\"2024-09-24T03:12:58+00:00\",\"dateModified\":\"2024-10-23T05:23:12+00:00\",\"breadcrumb\":{\"@id\":\"https:\/\/alliedblackcarservice.com\/drivers-registration-allied\/#breadcrumb\"},\"inLanguage\":\"es-DO\",\"potentialAction\":[{\"@type\":\"ReadAction\",\"target\":[\"https:\/\/alliedblackcarservice.com\/drivers-registration-allied\/\"]}]},{\"@type\":\"ImageObject\",\"inLanguage\":\"es-DO\",\"@id\":\"https:\/\/alliedblackcarservice.com\/drivers-registration-allied\/#primaryimage\",\"url\":\"https:\/\/alliedblackcarservice.com\/wp-content\/uploads\/2024\/08\/Allied-Word-Logo-2.svg\",\"contentUrl\":\"https:\/\/alliedblackcarservice.com\/wp-content\/uploads\/2024\/08\/Allied-Word-Logo-2.svg\"},{\"@type\":\"BreadcrumbList\",\"@id\":\"https:\/\/alliedblackcarservice.com\/drivers-registration-allied\/#breadcrumb\",\"itemListElement\":[{\"@type\":\"ListItem\",\"position\":1,\"name\":\"Home\",\"item\":\"https:\/\/alliedblackcarservice.com\/\"},{\"@type\":\"ListItem\",\"position\":2,\"name\":\"Driver Registration Allied\"}]},{\"@type\":\"WebSite\",\"@id\":\"https:\/\/alliedblackcarservice.com\/#website\",\"url\":\"https:\/\/alliedblackcarservice.com\/\",\"name\":\"Allied Black Car Service\",\"description\":\"Ride With Us!\",\"publisher\":{\"@id\":\"https:\/\/alliedblackcarservice.com\/#organization\"},\"potentialAction\":[{\"@type\":\"SearchAction\",\"target\":{\"@type\":\"EntryPoint\",\"urlTemplate\":\"https:\/\/alliedblackcarservice.com\/?s={search_term_string}\"},\"query-input\":{\"@type\":\"PropertyValueSpecification\",\"valueRequired\":true,\"valueName\":\"search_term_string\"}}],\"inLanguage\":\"es-DO\"},{\"@type\":\"Organization\",\"@id\":\"https:\/\/alliedblackcarservice.com\/#organization\",\"name\":\"Allied Black Car Service LLC\",\"url\":\"https:\/\/alliedblackcarservice.com\/\",\"logo\":{\"@type\":\"ImageObject\",\"inLanguage\":\"es-DO\",\"@id\":\"https:\/\/alliedblackcarservice.com\/#\/schema\/logo\/image\/\",\"url\":null,\"contentUrl\":null,\"width\":\"1300\",\"height\":\"800\",\"caption\":\"Allied Black Car Service LLC\"},\"image\":{\"@id\":\"https:\/\/alliedblackcarservice.com\/#\/schema\/logo\/image\/\"}}]}<\/script>\n<!-- \/ Yoast SEO plugin. -->","yoast_head_json":{"title":"Driver Registration Allied - Allied Black Car Service","robots":{"index":"index","follow":"follow","max-snippet":"max-snippet:-1","max-image-preview":"max-image-preview:large","max-video-preview":"max-video-preview:-1"},"canonical":"https:\/\/alliedblackcarservice.com\/es\/drivers-registration-allied\/","og_locale":"es_ES","og_type":"article","og_title":"Driver Registration Allied - Allied Black Car Service","og_url":"https:\/\/alliedblackcarservice.com\/es\/drivers-registration-allied\/","og_site_name":"Allied Black Car Service","article_modified_time":"2024-10-23T05:23:12+00:00","twitter_card":"summary_large_image","twitter_misc":{"Est. reading time":"10 minutos"},"schema":{"@context":"https:\/\/schema.org","@graph":[{"@type":"WebPage","@id":"https:\/\/alliedblackcarservice.com\/drivers-registration-allied\/","url":"https:\/\/alliedblackcarservice.com\/drivers-registration-allied\/","name":"Driver Registration Allied - Allied Black Car Service","isPartOf":{"@id":"https:\/\/alliedblackcarservice.com\/#website"},"primaryImageOfPage":{"@id":"https:\/\/alliedblackcarservice.com\/drivers-registration-allied\/#primaryimage"},"image":{"@id":"https:\/\/alliedblackcarservice.com\/drivers-registration-allied\/#primaryimage"},"thumbnailUrl":"https:\/\/alliedblackcarservice.com\/wp-content\/uploads\/2024\/08\/Allied-Word-Logo-2.svg","datePublished":"2024-09-24T03:12:58+00:00","dateModified":"2024-10-23T05:23:12+00:00","breadcrumb":{"@id":"https:\/\/alliedblackcarservice.com\/drivers-registration-allied\/#breadcrumb"},"inLanguage":"es-DO","potentialAction":[{"@type":"ReadAction","target":["https:\/\/alliedblackcarservice.com\/drivers-registration-allied\/"]}]},{"@type":"ImageObject","inLanguage":"es-DO","@id":"https:\/\/alliedblackcarservice.com\/drivers-registration-allied\/#primaryimage","url":"https:\/\/alliedblackcarservice.com\/wp-content\/uploads\/2024\/08\/Allied-Word-Logo-2.svg","contentUrl":"https:\/\/alliedblackcarservice.com\/wp-content\/uploads\/2024\/08\/Allied-Word-Logo-2.svg"},{"@type":"BreadcrumbList","@id":"https:\/\/alliedblackcarservice.com\/drivers-registration-allied\/#breadcrumb","itemListElement":[{"@type":"ListItem","position":1,"name":"Home","item":"https:\/\/alliedblackcarservice.com\/"},{"@type":"ListItem","position":2,"name":"Driver Registration Allied"}]},{"@type":"WebSite","@id":"https:\/\/alliedblackcarservice.com\/#website","url":"https:\/\/alliedblackcarservice.com\/","name":"Allied Black Car Service","description":"Ride With Us!","publisher":{"@id":"https:\/\/alliedblackcarservice.com\/#organization"},"potentialAction":[{"@type":"SearchAction","target":{"@type":"EntryPoint","urlTemplate":"https:\/\/alliedblackcarservice.com\/?s={search_term_string}"},"query-input":{"@type":"PropertyValueSpecification","valueRequired":true,"valueName":"search_term_string"}}],"inLanguage":"es-DO"},{"@type":"Organization","@id":"https:\/\/alliedblackcarservice.com\/#organization","name":"Allied Black Car Service LLC","url":"https:\/\/alliedblackcarservice.com\/","logo":{"@type":"ImageObject","inLanguage":"es-DO","@id":"https:\/\/alliedblackcarservice.com\/#\/schema\/logo\/image\/","url":null,"contentUrl":null,"width":"1300","height":"800","caption":"Allied Black Car Service LLC"},"image":{"@id":"https:\/\/alliedblackcarservice.com\/#\/schema\/logo\/image\/"}}]}},"_links":{"self":[{"href":"https:\/\/alliedblackcarservice.com\/es\/wp-json\/wp\/v2\/pages\/28506","targetHints":{"allow":["GET"]}}],"collection":[{"href":"https:\/\/alliedblackcarservice.com\/es\/wp-json\/wp\/v2\/pages"}],"about":[{"href":"https:\/\/alliedblackcarservice.com\/es\/wp-json\/wp\/v2\/types\/page"}],"author":[{"embeddable":true,"href":"https:\/\/alliedblackcarservice.com\/es\/wp-json\/wp\/v2\/users\/1"}],"replies":[{"embeddable":true,"href":"https:\/\/alliedblackcarservice.com\/es\/wp-json\/wp\/v2\/comments?post=28506"}],"version-history":[{"count":27,"href":"https:\/\/alliedblackcarservice.com\/es\/wp-json\/wp\/v2\/pages\/28506\/revisions"}],"predecessor-version":[{"id":28739,"href":"https:\/\/alliedblackcarservice.com\/es\/wp-json\/wp\/v2\/pages\/28506\/revisions\/28739"}],"wp:featuredmedia":[{"embeddable":true,"href":"https:\/\/alliedblackcarservice.com\/es\/wp-json\/wp\/v2\/media\/27273"}],"wp:attachment":[{"href":"https:\/\/alliedblackcarservice.com\/es\/wp-json\/wp\/v2\/media?parent=28506"}],"curies":[{"name":"wp","href":"https:\/\/api.w.org\/{rel}","templated":true}]}}